{"id":5031,"date":"2024-07-16T10:01:50","date_gmt":"2024-07-16T07:01:50","guid":{"rendered":"https:\/\/vuokkoset.fi\/?post_type=product&#038;p=5031"},"modified":"2024-08-15T12:35:02","modified_gmt":"2024-08-15T09:35:02","slug":"vuokkoset-plant-based-normal-wings-binda","status":"publish","type":"product","link":"https:\/\/vuokkoset.fi\/sv\/produkt\/vuokkoset-plant-based-normal-wings-binda\/","title":{"rendered":"Vuokkoset Plant Based Normal Wings binda"},"content":{"rendered":"<p>Vuokkoset Plant Based Normal Wings \u00e4r en v\u00e4xtbaserad, vegansk, mycket mjuk och bekv\u00e4m binda med vingar. Bindan f\u00e5r dig att k\u00e4nna dig s\u00e4ker under mensen, oavsett var du \u00e4r eller vad du g\u00f6r. Ytskiktet \u00e4r av 100 % certifierad ekologisk bomull, det effektiva absorptionsskiktet av klorfri cellulosa och bakgrundsmaterialet \u00e4r Green PE tillverkat av sockerr\u00f6r.<\/p>\n<p>Vuokkoset Plant Based-serien \u00e4r tillverkad av naturliga och f\u00f6rnybara r\u00e5material, vilket g\u00f6r Vuokkoset Plant Based till ett s\u00e4kert val f\u00f6r b\u00e5de dig och milj\u00f6n. Efter anv\u00e4ndning, sl\u00e4ng bindan i blandavfall. F\u00f6rpackningsp\u00e5sen och bindans omslag \u00e4r Green PE, vilket kan \u00e5tervinnas som plast.<\/p>\n<p>Alla Vuokkoset-bindorna \u00e4r individuellt f\u00f6rpackade. Produkterna \u00e4r dermatologiskt testade och inneh\u00e5ller varken parfymer, dofter, klor eller andra kemikalier som \u00e4r on\u00f6diga f\u00f6r dig.<\/p>\n<p><strong>Tjocklek 2 mm<\/strong><br \/>\n<strong>L\u00e4ngd 225 mm<\/strong><\/p>\n","protected":false},"excerpt":{"rendered":"En v\u00e4xtbaserad tunn binda med mjuk yta som kan anv\u00e4ndas varje dag under mensen. Produkten \u00e4r 100 % koldioxidneutral.","protected":false},"featured_media":4931,"template":"","meta":{"content-type":""},"product_brand":[],"product_cat":[80],"product_tag":[118,224,110,92,223],"class_list":{"0":"post-5031","1":"product","2":"type-product","3":"status-publish","4":"has-post-thumbnail","6":"product_cat-bindor","7":"product_tag-bindor-sv","8":"product_tag-kasvipohjainen-sv","9":"product_tag-normal-mens-sv","10":"product_tag-normal-wings-sv","11":"product_tag-vuokkoset-plant-based-sv","12":"product_line-plant-based-sv","13":"product_abs-normal-sv","15":"first","16":"instock","17":"taxable","18":"shipping-taxable","19":"product-type-simple"},"_links":{"self":[{"href":"https:\/\/vuokkoset.fi\/sv\/wp-json\/wp\/v2\/product\/5031","targetHints":{"allow":["GET"]}}],"collection":[{"href":"https:\/\/vuokkoset.fi\/sv\/wp-json\/wp\/v2\/product"}],"about":[{"href":"https:\/\/vuokkoset.fi\/sv\/wp-json\/wp\/v2\/types\/product"}],"wp:featuredmedia":[{"embeddable":true,"href":"https:\/\/vuokkoset.fi\/sv\/wp-json\/wp\/v2\/media\/4931"}],"wp:attachment":[{"href":"https:\/\/vuokkoset.fi\/sv\/wp-json\/wp\/v2\/media?parent=5031"}],"wp:term":[{"taxonomy":"product_brand","embeddable":true,"href":"https:\/\/vuokkoset.fi\/sv\/wp-json\/wp\/v2\/product_brand?post=5031"},{"taxonomy":"product_cat","embeddable":true,"href":"https:\/\/vuokkoset.fi\/sv\/wp-json\/wp\/v2\/product_cat?post=5031"},{"taxonomy":"product_tag","embeddable":true,"href":"https:\/\/vuokkoset.fi\/sv\/wp-json\/wp\/v2\/product_tag?post=5031"}],"curies":[{"name":"wp","href":"https:\/\/api.w.org\/{rel}","templated":true}]}}