{"id":4949,"date":"2024-04-26T13:40:24","date_gmt":"2024-04-26T10:40:24","guid":{"rendered":"https:\/\/vuokkoset.fi\/?post_type=product&#038;p=4949"},"modified":"2024-08-15T12:40:51","modified_gmt":"2024-08-15T09:40:51","slug":"vuokkoset-plant-based-normal-trosskydd","status":"publish","type":"product","link":"https:\/\/vuokkoset.fi\/sv\/produkt\/vuokkoset-plant-based-normal-trosskydd\/","title":{"rendered":"Vuokkoset Plant Based Normal trosskydd"},"content":{"rendered":"<p>Vuokkoset Plant Based Normal \u00e4r en v\u00e4xtbaserad, vegansk och mycket mjuk trosskydd. Den \u00e4r perfekt f\u00f6r dagligt bruk f\u00f6r att bevara fr\u00e4schhetsk\u00e4nslan. Ytan \u00e4r av till 100 % certifierat ekologisk bomull och det effektiva absorptionsskiktet av klorfri cellulosa\u00a0 och fuktbarri\u00e4ren \u00e4r Green PE tillverkat av sockerr\u00f6r.<\/p>\n<p>Vuokkoset Plant Based-serien \u00e4r tillverkad av naturliga och f\u00f6rnybara r\u00e5material, vilket g\u00f6r Vuokkoset Plant Based till ett s\u00e4kert val f\u00f6r b\u00e5de dig och milj\u00f6n. Efter anv\u00e4ndning, sl\u00e4ng trosskyddet i blandavfall. F\u00f6rpackningen \u00e4r av kartong och kan \u00e5tervinnas som papp.<\/p>\n<p>Produkterna \u00e4r dermatologiskt testade och inneh\u00e5ller varken parfymer, dofter, klor eller andra kemikalier som \u00e4r on\u00f6diga f\u00f6r dig.<\/p>\n<p><strong>Tjocklek 2 mm<\/strong><br \/>\n<strong>L\u00e4ngd 155 mm<\/strong><\/p>\n","protected":false},"excerpt":{"rendered":"Ett helt v\u00e4xtbaserad, p\u00e5litligt trosskydd med mjuk yta f\u00f6r dagligt bruk. Produkten \u00e4r 100 % koldioxidneutral.","protected":false},"featured_media":4990,"template":"","meta":{"content-type":""},"product_brand":[],"product_cat":[78],"product_tag":[224,108,94,223],"class_list":{"0":"post-4949","1":"product","2":"type-product","3":"status-publish","4":"has-post-thumbnail","6":"product_cat-trosskydd","7":"product_tag-kasvipohjainen-sv","8":"product_tag-latt-mens-sv","9":"product_tag-normal-trosskydd-sv","10":"product_tag-vuokkoset-plant-based-sv","11":"product_line-plant-based-sv","12":"product_abs-latt","14":"first","15":"instock","16":"taxable","17":"shipping-taxable","18":"product-type-simple"},"_links":{"self":[{"href":"https:\/\/vuokkoset.fi\/sv\/wp-json\/wp\/v2\/product\/4949","targetHints":{"allow":["GET"]}}],"collection":[{"href":"https:\/\/vuokkoset.fi\/sv\/wp-json\/wp\/v2\/product"}],"about":[{"href":"https:\/\/vuokkoset.fi\/sv\/wp-json\/wp\/v2\/types\/product"}],"wp:featuredmedia":[{"embeddable":true,"href":"https:\/\/vuokkoset.fi\/sv\/wp-json\/wp\/v2\/media\/4990"}],"wp:attachment":[{"href":"https:\/\/vuokkoset.fi\/sv\/wp-json\/wp\/v2\/media?parent=4949"}],"wp:term":[{"taxonomy":"product_brand","embeddable":true,"href":"https:\/\/vuokkoset.fi\/sv\/wp-json\/wp\/v2\/product_brand?post=4949"},{"taxonomy":"product_cat","embeddable":true,"href":"https:\/\/vuokkoset.fi\/sv\/wp-json\/wp\/v2\/product_cat?post=4949"},{"taxonomy":"product_tag","embeddable":true,"href":"https:\/\/vuokkoset.fi\/sv\/wp-json\/wp\/v2\/product_tag?post=4949"}],"curies":[{"name":"wp","href":"https:\/\/api.w.org\/{rel}","templated":true}]}}