{"id":2859,"date":"2021-11-17T22:28:16","date_gmt":"2021-11-17T20:28:16","guid":{"rendered":"https:\/\/vuokkoset.fi\/tuote\/vuokkoset-night-wings-side\/"},"modified":"2025-09-08T14:36:31","modified_gmt":"2025-09-08T11:36:31","slug":"vuokkoset-night-wings-binda","status":"publish","type":"product","link":"https:\/\/vuokkoset.fi\/sv\/produkt\/vuokkoset-night-wings-binda\/","title":{"rendered":"Vuokkoset Night Wings binda"},"content":{"rendered":"<p>Vuokkoset Night Wings \u00e4r en l\u00e5ng tunn binda med vingar. Den l\u00e4mpar sig \u00e4ven f\u00f6r rikligare bl\u00f6dningar.<\/p>\n<p>Tack vare den h\u00f6ga absorptionsf\u00f6rm\u00e5gan k\u00e4nns bindan bekv\u00e4m \u00e4ven under l\u00e4ngre anv\u00e4ndning, till exempel under natten. Vuokkoset-nattbindans mjuka yta k\u00e4nns len mot huden och den smala formen g\u00f6r att bindan sitter perfekt i trosorna. Vingarna h\u00e5ller bindan s\u00e4kert p\u00e5 plats och skyddar troskanten mot l\u00e4ckage.<\/p>\n<p>Vuokkoset bindorna \u00e4r individuellt f\u00f6rpackade. Produkterna \u00e4r dermatologiskt testade och inneh\u00e5ller inte parfymer, dofter, klor eller eller andra kemikalier som \u00e4r on\u00f6diga f\u00f6r dig.<\/p>\n<p><strong>Tjocklek 1,5 mm<\/strong><br \/>\n<strong>L\u00e4ngd 317 mm<\/strong><\/p>\n","protected":false},"excerpt":{"rendered":"Effektivt absorberande tunn binda med vingar, f\u00f6r riklig mens. S\u00e4rskilt avsedd f\u00f6r anv\u00e4ndning under natten.","protected":false},"featured_media":777,"template":"","meta":{"content-type":""},"product_brand":[],"product_cat":[80],"product_tag":[118,150,98,104],"class_list":{"0":"post-2859","1":"product","2":"type-product","3":"status-publish","4":"has-post-thumbnail","6":"product_cat-bindor","7":"product_tag-bindor-sv","8":"product_tag-riklig-mens-sv","9":"product_tag-vuokkoset-sv","10":"product_tag-white-line-sv","11":"product_line-vuokkoset-sv","12":"product_abs-riklig","14":"first","15":"instock","16":"taxable","17":"shipping-taxable","18":"product-type-simple"},"_links":{"self":[{"href":"https:\/\/vuokkoset.fi\/sv\/wp-json\/wp\/v2\/product\/2859","targetHints":{"allow":["GET"]}}],"collection":[{"href":"https:\/\/vuokkoset.fi\/sv\/wp-json\/wp\/v2\/product"}],"about":[{"href":"https:\/\/vuokkoset.fi\/sv\/wp-json\/wp\/v2\/types\/product"}],"wp:featuredmedia":[{"embeddable":true,"href":"https:\/\/vuokkoset.fi\/sv\/wp-json\/wp\/v2\/media\/777"}],"wp:attachment":[{"href":"https:\/\/vuokkoset.fi\/sv\/wp-json\/wp\/v2\/media?parent=2859"}],"wp:term":[{"taxonomy":"product_brand","embeddable":true,"href":"https:\/\/vuokkoset.fi\/sv\/wp-json\/wp\/v2\/product_brand?post=2859"},{"taxonomy":"product_cat","embeddable":true,"href":"https:\/\/vuokkoset.fi\/sv\/wp-json\/wp\/v2\/product_cat?post=2859"},{"taxonomy":"product_tag","embeddable":true,"href":"https:\/\/vuokkoset.fi\/sv\/wp-json\/wp\/v2\/product_tag?post=2859"}],"curies":[{"name":"wp","href":"https:\/\/api.w.org\/{rel}","templated":true}]}}