{"id":2856,"date":"2021-11-17T22:15:32","date_gmt":"2021-11-17T20:15:32","guid":{"rendered":"https:\/\/vuokkoset.fi\/tuote\/vuokkoset-normal-side\/"},"modified":"2025-09-08T14:38:14","modified_gmt":"2025-09-08T11:38:14","slug":"vuokkoset-normal-binda","status":"publish","type":"product","link":"https:\/\/vuokkoset.fi\/sv\/produkt\/vuokkoset-normal-binda\/","title":{"rendered":"Vuokkoset Normal binda"},"content":{"rendered":"<p>Vuokkoset Normal \u00e4r en tunn binda med mjuk yta, utan vingar. Den kan anv\u00e4ndas varje dag under mensen. Den har b\u00e4ttre absorptionsf\u00f6rm\u00e5ga \u00e4n ett trosskydd, \u00e4r om\u00e4rklig n\u00e4r du anv\u00e4nder den och \u00e4r dessutom p\u00e5litlig och bekv\u00e4m.<\/p>\n<p>Vuokkoset bindorna \u00e4r individuellt f\u00f6rpackade. Produkterna \u00e4r dermatologiskt testade och inneh\u00e5ller inte parfymer, dofter, klor eller eller andra kemikalier som \u00e4r on\u00f6diga f\u00f6r dig.<\/p>\n<p><strong>Tjocklek 1,5 mm<\/strong><br \/>\n<strong>L\u00e4ngd 225 mm<\/strong><\/p>\n","protected":false},"excerpt":{"rendered":"En tunn binda utan vingar och med mjukt ytskikt, f\u00f6r alla dagar under mensen.","protected":false},"featured_media":779,"template":"","meta":{"content-type":""},"product_brand":[],"product_cat":[80],"product_tag":[118,110,98,104],"class_list":{"0":"post-2856","1":"product","2":"type-product","3":"status-publish","4":"has-post-thumbnail","6":"product_cat-bindor","7":"product_tag-bindor-sv","8":"product_tag-normal-mens-sv","9":"product_tag-vuokkoset-sv","10":"product_tag-white-line-sv","11":"product_line-vuokkoset-sv","12":"product_abs-normal-sv","14":"first","15":"instock","16":"taxable","17":"shipping-taxable","18":"product-type-simple"},"_links":{"self":[{"href":"https:\/\/vuokkoset.fi\/sv\/wp-json\/wp\/v2\/product\/2856","targetHints":{"allow":["GET"]}}],"collection":[{"href":"https:\/\/vuokkoset.fi\/sv\/wp-json\/wp\/v2\/product"}],"about":[{"href":"https:\/\/vuokkoset.fi\/sv\/wp-json\/wp\/v2\/types\/product"}],"wp:featuredmedia":[{"embeddable":true,"href":"https:\/\/vuokkoset.fi\/sv\/wp-json\/wp\/v2\/media\/779"}],"wp:attachment":[{"href":"https:\/\/vuokkoset.fi\/sv\/wp-json\/wp\/v2\/media?parent=2856"}],"wp:term":[{"taxonomy":"product_brand","embeddable":true,"href":"https:\/\/vuokkoset.fi\/sv\/wp-json\/wp\/v2\/product_brand?post=2856"},{"taxonomy":"product_cat","embeddable":true,"href":"https:\/\/vuokkoset.fi\/sv\/wp-json\/wp\/v2\/product_cat?post=2856"},{"taxonomy":"product_tag","embeddable":true,"href":"https:\/\/vuokkoset.fi\/sv\/wp-json\/wp\/v2\/product_tag?post=2856"}],"curies":[{"name":"wp","href":"https:\/\/api.w.org\/{rel}","templated":true}]}}