{"id":2854,"date":"2021-11-17T22:19:48","date_gmt":"2021-11-17T20:19:48","guid":{"rendered":"https:\/\/vuokkoset.fi\/tuote\/vuokkoset-normal-wings-side\/"},"modified":"2025-09-08T14:37:39","modified_gmt":"2025-09-08T11:37:39","slug":"vuokkoset-normal-wings-binda","status":"publish","type":"product","link":"https:\/\/vuokkoset.fi\/sv\/produkt\/vuokkoset-normal-wings-binda\/","title":{"rendered":"Vuokkoset Normal Wings binda"},"content":{"rendered":"<p>Vuokkoset Normal Wings \u00e4r en effektivt absorberande tunn binda med en mjuk yta. Den smalare formen g\u00f6r att bindan sitter \u00e4nnu b\u00e4ttre i trosorna. Vingarna med r\u00e4tt passform h\u00e5ller bindan s\u00e4kert p\u00e5 plats och skyddar troskanten mot l\u00e4ckage.<\/p>\n<p>Vuokkoset bindorna \u00e4r individuellt f\u00f6rpackade. Produkterna \u00e4r dermatologiskt testade och inneh\u00e5ller inte parfymer, dofter, klor eller eller andra kemikalier som \u00e4r on\u00f6diga f\u00f6r dig.<\/p>\n<p><strong>Tjocklek 1,5 mm<\/strong><br \/>\n<strong>L\u00e4ngd 225 mm<\/strong><\/p>\n","protected":false},"excerpt":{"rendered":"En tunn normal binda med vingar f\u00f6r varje dag under mensen.","protected":false},"featured_media":781,"template":"","meta":{"content-type":""},"product_brand":[],"product_cat":[80],"product_tag":[118,110,98,104],"class_list":{"0":"post-2854","1":"product","2":"type-product","3":"status-publish","4":"has-post-thumbnail","6":"product_cat-bindor","7":"product_tag-bindor-sv","8":"product_tag-normal-mens-sv","9":"product_tag-vuokkoset-sv","10":"product_tag-white-line-sv","11":"product_line-vuokkoset-sv","12":"product_abs-normal-sv","14":"first","15":"instock","16":"taxable","17":"shipping-taxable","18":"product-type-simple"},"_links":{"self":[{"href":"https:\/\/vuokkoset.fi\/sv\/wp-json\/wp\/v2\/product\/2854","targetHints":{"allow":["GET"]}}],"collection":[{"href":"https:\/\/vuokkoset.fi\/sv\/wp-json\/wp\/v2\/product"}],"about":[{"href":"https:\/\/vuokkoset.fi\/sv\/wp-json\/wp\/v2\/types\/product"}],"wp:featuredmedia":[{"embeddable":true,"href":"https:\/\/vuokkoset.fi\/sv\/wp-json\/wp\/v2\/media\/781"}],"wp:attachment":[{"href":"https:\/\/vuokkoset.fi\/sv\/wp-json\/wp\/v2\/media?parent=2854"}],"wp:term":[{"taxonomy":"product_brand","embeddable":true,"href":"https:\/\/vuokkoset.fi\/sv\/wp-json\/wp\/v2\/product_brand?post=2854"},{"taxonomy":"product_cat","embeddable":true,"href":"https:\/\/vuokkoset.fi\/sv\/wp-json\/wp\/v2\/product_cat?post=2854"},{"taxonomy":"product_tag","embeddable":true,"href":"https:\/\/vuokkoset.fi\/sv\/wp-json\/wp\/v2\/product_tag?post=2854"}],"curies":[{"name":"wp","href":"https:\/\/api.w.org\/{rel}","templated":true}]}}