{"id":2852,"date":"2021-10-29T18:11:54","date_gmt":"2021-10-29T15:11:54","guid":{"rendered":"https:\/\/vuokkoset.fi\/tuote\/vuokkoset-long-pikkuhousunsuoja\/"},"modified":"2025-09-08T14:39:07","modified_gmt":"2025-09-08T11:39:07","slug":"vuokkoset-long-trosskydd","status":"publish","type":"product","link":"https:\/\/vuokkoset.fi\/sv\/produkt\/vuokkoset-long-trosskydd\/","title":{"rendered":"Vuokkoset Long trosskydd"},"content":{"rendered":"<p>Vuokkoset Long \u00e4r ett tunt och s\u00e4rskilt l\u00e5ngt trosskydd och d\u00e4rf\u00f6r ger det ett b\u00e4ttre skydd \u00e4n f\u00f6rr. Trosskyddet \u00e4r s\u00e5 mjukt att du knappt m\u00e4rker det. Det \u00e4r avsett att sitta v\u00e4l i trosorna och skyddar d\u00e4rf\u00f6r \u00e4ven under de f\u00f6rsta och sista dagarna av mensen, oavsett vad du g\u00f6r. Trosskyddet garanterar att du k\u00e4nner dig fr\u00e4sch och s\u00e4ker varje dag.<\/p>\n<p>Produkterna \u00e4r dermatologiskt testade och inneh\u00e5ller inte parfymer, dofter, klor eller eller andra kemikalier som \u00e4r on\u00f6diga f\u00f6r dig.<\/p>\n<p><strong>Tjocklek 2 mm<\/strong><br \/>\n<strong>L\u00e4ngd 175 mm<\/strong><\/p>\n","protected":false},"excerpt":{"rendered":"Ett l\u00e4ngre trosskydd med god absorptionsf\u00f6rm\u00e5ga. L\u00e4mpligt \u00e4ven under de f\u00f6rsta och sista dagarna av mensen.","protected":false},"featured_media":767,"template":"","meta":{"content-type":""},"product_brand":[],"product_cat":[78],"product_tag":[108,84,113,98,104],"class_list":{"0":"post-2852","1":"product","2":"type-product","3":"status-publish","4":"has-post-thumbnail","6":"product_cat-trosskydd","7":"product_tag-latt-mens-sv","8":"product_tag-long-sv","9":"product_tag-trosskydd-sv-sv","10":"product_tag-vuokkoset-sv","11":"product_tag-white-line-sv","12":"product_line-vuokkoset-sv","13":"product_abs-latt","15":"first","16":"instock","17":"taxable","18":"shipping-taxable","19":"product-type-simple"},"_links":{"self":[{"href":"https:\/\/vuokkoset.fi\/sv\/wp-json\/wp\/v2\/product\/2852","targetHints":{"allow":["GET"]}}],"collection":[{"href":"https:\/\/vuokkoset.fi\/sv\/wp-json\/wp\/v2\/product"}],"about":[{"href":"https:\/\/vuokkoset.fi\/sv\/wp-json\/wp\/v2\/types\/product"}],"wp:featuredmedia":[{"embeddable":true,"href":"https:\/\/vuokkoset.fi\/sv\/wp-json\/wp\/v2\/media\/767"}],"wp:attachment":[{"href":"https:\/\/vuokkoset.fi\/sv\/wp-json\/wp\/v2\/media?parent=2852"}],"wp:term":[{"taxonomy":"product_brand","embeddable":true,"href":"https:\/\/vuokkoset.fi\/sv\/wp-json\/wp\/v2\/product_brand?post=2852"},{"taxonomy":"product_cat","embeddable":true,"href":"https:\/\/vuokkoset.fi\/sv\/wp-json\/wp\/v2\/product_cat?post=2852"},{"taxonomy":"product_tag","embeddable":true,"href":"https:\/\/vuokkoset.fi\/sv\/wp-json\/wp\/v2\/product_tag?post=2852"}],"curies":[{"name":"wp","href":"https:\/\/api.w.org\/{rel}","templated":true}]}}