{"id":2850,"date":"2021-10-29T18:07:01","date_gmt":"2021-10-29T15:07:01","guid":{"rendered":"https:\/\/vuokkoset.fi\/tuote\/vuokkoset-normal-pikkuhousunsuoja\/"},"modified":"2025-09-08T14:39:42","modified_gmt":"2025-09-08T11:39:42","slug":"vuokkoset-normal-trosskydd","status":"publish","type":"product","link":"https:\/\/vuokkoset.fi\/sv\/produkt\/vuokkoset-normal-trosskydd\/","title":{"rendered":"Vuokkoset Normal trosskydd"},"content":{"rendered":"<p>Vuokkoset Normal \u00e4r ett tunt trosskydd och s\u00e5 mjukt att du knappt m\u00e4rker det. Det lilla trosskyddet \u00e4r effektivt absorberande och passar d\u00e4rf\u00f6r f\u00f6r dagligt bruk under de f\u00f6rsta och sista dagarna av mensen eller f\u00f6r att skydda dina favorittrosor mot vitfl\u00f6de. Trosskyddet garanterar att du h\u00e5ller dig fr\u00e4sch och s\u00e4ker varje dag, oavsett vad du g\u00f6r.<\/p>\n<p>Produkterna \u00e4r dermatologiskt testade och inneh\u00e5ller inte parfymer, dofter, klor eller eller andra kemikalier som \u00e4r on\u00f6diga f\u00f6r dig.<\/p>\n<p><strong>Tjocklek 2 mm<\/strong><br \/>\n<strong>L\u00e4ngd 155 mm<\/strong><\/p>\n","protected":false},"excerpt":{"rendered":"Ett mjukt och hudv\u00e4nligt trosskydd med effektiv absorptionsf\u00f6rm\u00e5ga.","protected":false},"featured_media":769,"template":"","meta":{"content-type":""},"product_brand":[],"product_cat":[78],"product_tag":[108,89,113,98,104],"class_list":{"0":"post-2850","1":"product","2":"type-product","3":"status-publish","4":"has-post-thumbnail","6":"product_cat-trosskydd","7":"product_tag-latt-mens-sv","8":"product_tag-normal-sv","9":"product_tag-trosskydd-sv-sv","10":"product_tag-vuokkoset-sv","11":"product_tag-white-line-sv","12":"product_line-vuokkoset-sv","13":"product_abs-latt","15":"first","16":"instock","17":"taxable","18":"shipping-taxable","19":"product-type-simple"},"_links":{"self":[{"href":"https:\/\/vuokkoset.fi\/sv\/wp-json\/wp\/v2\/product\/2850","targetHints":{"allow":["GET"]}}],"collection":[{"href":"https:\/\/vuokkoset.fi\/sv\/wp-json\/wp\/v2\/product"}],"about":[{"href":"https:\/\/vuokkoset.fi\/sv\/wp-json\/wp\/v2\/types\/product"}],"wp:featuredmedia":[{"embeddable":true,"href":"https:\/\/vuokkoset.fi\/sv\/wp-json\/wp\/v2\/media\/769"}],"wp:attachment":[{"href":"https:\/\/vuokkoset.fi\/sv\/wp-json\/wp\/v2\/media?parent=2850"}],"wp:term":[{"taxonomy":"product_brand","embeddable":true,"href":"https:\/\/vuokkoset.fi\/sv\/wp-json\/wp\/v2\/product_brand?post=2850"},{"taxonomy":"product_cat","embeddable":true,"href":"https:\/\/vuokkoset.fi\/sv\/wp-json\/wp\/v2\/product_cat?post=2850"},{"taxonomy":"product_tag","embeddable":true,"href":"https:\/\/vuokkoset.fi\/sv\/wp-json\/wp\/v2\/product_tag?post=2850"}],"curies":[{"name":"wp","href":"https:\/\/api.w.org\/{rel}","templated":true}]}}