{"id":2848,"date":"2021-10-29T18:04:43","date_gmt":"2021-10-29T15:04:43","guid":{"rendered":"https:\/\/vuokkoset.fi\/tuote\/vuokkoset-soft-pikkuhousunsuoja\/"},"modified":"2025-09-08T14:41:10","modified_gmt":"2025-09-08T11:41:10","slug":"vuokkoset-soft-trosskydd","status":"publish","type":"product","link":"https:\/\/vuokkoset.fi\/sv\/produkt\/vuokkoset-soft-trosskydd\/","title":{"rendered":"Vuokkoset Soft trosskydd"},"content":{"rendered":"<p>Ett extra mjukt och bekv\u00e4mt trosskydd f\u00f6r den dagliga hygienen.<\/p>\n<p>Vuokkoset Soft \u00e4r det bekanta trosskyddet som sedan l\u00e4nge har ing\u00e5tt i Vuokkoset-sortimentet. Vuokkoset Soft \u00e4r ett tunt och mjukt trosskydd som passar perfekt f\u00f6r dagligt bruk, som skydd mot vitfl\u00f6den och f\u00f6r att h\u00e5lla dig fr\u00e4sch, oavsett vad du g\u00f6r.<\/p>\n<p>Produkterna \u00e4r dermatologiskt testade och inneh\u00e5ller inte parfymer, dofter, klor eller eller andra kemikalier som \u00e4r on\u00f6diga f\u00f6r dig.<\/p>\n<p><strong>Tjocklek 2 mm<\/strong><br \/>\n<strong>L\u00e4ngd 155 mm<\/strong><\/p>\n","protected":false},"excerpt":{"rendered":"Ett extra mjukt och bekv\u00e4mt trosskydd f\u00f6r den dagliga hygienen.","protected":false},"featured_media":771,"template":"","meta":{"content-type":""},"product_brand":[],"product_cat":[78],"product_tag":[108,111,98,104],"class_list":{"0":"post-2848","1":"product","2":"type-product","3":"status-publish","4":"has-post-thumbnail","6":"product_cat-trosskydd","7":"product_tag-latt-mens-sv","8":"product_tag-trosskydd-sv","9":"product_tag-vuokkoset-sv","10":"product_tag-white-line-sv","11":"product_line-vuokkoset-sv","12":"product_abs-latt","14":"first","15":"instock","16":"taxable","17":"shipping-taxable","18":"product-type-simple"},"_links":{"self":[{"href":"https:\/\/vuokkoset.fi\/sv\/wp-json\/wp\/v2\/product\/2848","targetHints":{"allow":["GET"]}}],"collection":[{"href":"https:\/\/vuokkoset.fi\/sv\/wp-json\/wp\/v2\/product"}],"about":[{"href":"https:\/\/vuokkoset.fi\/sv\/wp-json\/wp\/v2\/types\/product"}],"wp:featuredmedia":[{"embeddable":true,"href":"https:\/\/vuokkoset.fi\/sv\/wp-json\/wp\/v2\/media\/771"}],"wp:attachment":[{"href":"https:\/\/vuokkoset.fi\/sv\/wp-json\/wp\/v2\/media?parent=2848"}],"wp:term":[{"taxonomy":"product_brand","embeddable":true,"href":"https:\/\/vuokkoset.fi\/sv\/wp-json\/wp\/v2\/product_brand?post=2848"},{"taxonomy":"product_cat","embeddable":true,"href":"https:\/\/vuokkoset.fi\/sv\/wp-json\/wp\/v2\/product_cat?post=2848"},{"taxonomy":"product_tag","embeddable":true,"href":"https:\/\/vuokkoset.fi\/sv\/wp-json\/wp\/v2\/product_tag?post=2848"}],"curies":[{"name":"wp","href":"https:\/\/api.w.org\/{rel}","templated":true}]}}