{"id":2846,"date":"2021-10-29T18:02:47","date_gmt":"2021-10-29T15:02:47","guid":{"rendered":"https:\/\/vuokkoset.fi\/tuote\/vuokkoset-ultra-light-pikkuhousunsuoja\/"},"modified":"2025-09-08T14:42:04","modified_gmt":"2025-09-08T11:42:04","slug":"vuokkoset-ultra-light-trosskydd","status":"publish","type":"product","link":"https:\/\/vuokkoset.fi\/sv\/produkt\/vuokkoset-ultra-light-trosskydd\/","title":{"rendered":"Vuokkoset Ultra Light trosskydd"},"content":{"rendered":"<p>Vuokkoset Ultra Light \u00e4r ett mycket tunt och smidigt trosskydd. Utsk\u00e4rningarna g\u00f6r att trosskyddet har perfekt passform f\u00f6r alla trosmodeller. Skyddet \u00e4r om\u00e4rkbart medan du anv\u00e4nder det och passar f\u00f6r dagligt bruk som skydd mot vitflytningar eller flytningar i b\u00f6rjan och slutet av mensen.<\/p>\n<p>Det extremt tunna och lena ytskiktet \u00e4r skonsamt mot huden. Trosskyddet garanterar en fr\u00e4sch och s\u00e4ker k\u00e4nsla varje dag, oavsett vad du g\u00f6r.<\/p>\n<p>Produkterna har testats dermatologiskt och inneh\u00e5ller varken parfymer, dofter, klor eller eller andra kemikalier som \u00e4r on\u00f6diga f\u00f6r dig.<\/p>\n<p><strong>Tjocklek &lt;1 mm<\/strong><br \/>\n<strong>L\u00e4ngd 155mm<\/strong><\/p>\n","protected":false},"excerpt":{"rendered":"Ett ultratunt trosskydd som l\u00e4mpar sig f\u00f6r olika trosmodeller.","protected":false},"featured_media":773,"template":"","meta":{"content-type":""},"product_brand":[],"product_cat":[78],"product_tag":[108,113,95,98,104],"class_list":{"0":"post-2846","1":"product","2":"type-product","3":"status-publish","4":"has-post-thumbnail","6":"product_cat-trosskydd","7":"product_tag-latt-mens-sv","8":"product_tag-trosskydd-sv-sv","9":"product_tag-ultra-light-sv","10":"product_tag-vuokkoset-sv","11":"product_tag-white-line-sv","12":"product_line-vuokkoset-sv","13":"product_abs-latt","15":"first","16":"instock","17":"taxable","18":"shipping-taxable","19":"product-type-simple"},"_links":{"self":[{"href":"https:\/\/vuokkoset.fi\/sv\/wp-json\/wp\/v2\/product\/2846","targetHints":{"allow":["GET"]}}],"collection":[{"href":"https:\/\/vuokkoset.fi\/sv\/wp-json\/wp\/v2\/product"}],"about":[{"href":"https:\/\/vuokkoset.fi\/sv\/wp-json\/wp\/v2\/types\/product"}],"wp:featuredmedia":[{"embeddable":true,"href":"https:\/\/vuokkoset.fi\/sv\/wp-json\/wp\/v2\/media\/773"}],"wp:attachment":[{"href":"https:\/\/vuokkoset.fi\/sv\/wp-json\/wp\/v2\/media?parent=2846"}],"wp:term":[{"taxonomy":"product_brand","embeddable":true,"href":"https:\/\/vuokkoset.fi\/sv\/wp-json\/wp\/v2\/product_brand?post=2846"},{"taxonomy":"product_cat","embeddable":true,"href":"https:\/\/vuokkoset.fi\/sv\/wp-json\/wp\/v2\/product_cat?post=2846"},{"taxonomy":"product_tag","embeddable":true,"href":"https:\/\/vuokkoset.fi\/sv\/wp-json\/wp\/v2\/product_tag?post=2846"}],"curies":[{"name":"wp","href":"https:\/\/api.w.org\/{rel}","templated":true}]}}