{"id":2844,"date":"2021-11-04T16:44:13","date_gmt":"2021-11-04T14:44:13","guid":{"rendered":"https:\/\/vuokkoset.fi\/tuote\/vuokkoset-organic-tampon-super\/"},"modified":"2022-01-11T16:40:29","modified_gmt":"2022-01-11T14:40:29","slug":"vuokkoset-organic-tampong-super","status":"publish","type":"product","link":"https:\/\/vuokkoset.fi\/sv\/produkt\/vuokkoset-organic-tampong-super\/","title":{"rendered":"Vuokkoset Organic Tampong Super"},"content":{"rendered":"<p>V\u00e5r Vuokkoset Organic Tampong Super \u00e4r avsedd f\u00f6r riklig mens, s\u00e4rskilt f\u00f6r de f\u00f6rsta dagarna. Vuokkoset Organic tamponger inneh\u00e5ller endast ekologisk bomull och inget annat \u2013 ingen viskos eller plast, inga f\u00e4rg\u00e4mnen och inget klor, s\u00e5 den \u00e4r ett tryggt val f\u00f6r dig.<\/p>\n<p>D\u00e5 den blir fuktig utvidgas Vuokkoset Organic tampong p\u00e5 bredden och formar sig efter kroppen. P\u00e5 s\u00e5 s\u00e4tt f\u00f6rhindrar tampongen effektivt l\u00e4ckage och ger dig ett s\u00e4kert skydd. Vuokkoset Organic tamponger \u00e4r helt biologiskt nedbrytbar och du kan kompostera den i hush\u00e5llskomposten efter anv\u00e4ndning. Vuokkoset Organic tamponger \u00e4r ett s\u00e4kert val som \u00e4ven k\u00e4nns bekv\u00e4mt. Tampongerna torkar inte ut och irriterar inte huden eller slemhinnorna. Tampongernas delar har tillverkats av certifierad ekologisk bomull som inte har klorblekts.<\/p>\n<p>Vuokkoset Organic tampong har, liksom alla andra Vuokkoset-produkter, det nordiska milj\u00f6m\u00e4rket Svanen och har utvecklats i samarbete med det finl\u00e4ndska Allergi-, Hud- och Astmaf\u00f6rbundet.<\/p>\n","protected":false},"excerpt":{"rendered":"<p style=\"text-align: left;\">Biologiskt nedbrytbar tampong i 100 % ekologisk bomull utan applikator. Passar f\u00f6r riklig mens.<\/p>","protected":false},"featured_media":803,"template":"","meta":{"content-type":""},"product_brand":[],"product_cat":[82],"product_tag":[147,150,163,98],"class_list":{"0":"post-2844","1":"product","2":"type-product","3":"status-publish","4":"has-post-thumbnail","6":"product_cat-tamponger","7":"product_tag-organic-sv","8":"product_tag-riklig-mens-sv","9":"product_tag-tamponi-sv","10":"product_tag-vuokkoset-sv","11":"product_line-organic-tamponger-sv","12":"product_abs-riklig","14":"first","15":"instock","16":"taxable","17":"shipping-taxable","18":"product-type-simple"},"_links":{"self":[{"href":"https:\/\/vuokkoset.fi\/sv\/wp-json\/wp\/v2\/product\/2844","targetHints":{"allow":["GET"]}}],"collection":[{"href":"https:\/\/vuokkoset.fi\/sv\/wp-json\/wp\/v2\/product"}],"about":[{"href":"https:\/\/vuokkoset.fi\/sv\/wp-json\/wp\/v2\/types\/product"}],"wp:featuredmedia":[{"embeddable":true,"href":"https:\/\/vuokkoset.fi\/sv\/wp-json\/wp\/v2\/media\/803"}],"wp:attachment":[{"href":"https:\/\/vuokkoset.fi\/sv\/wp-json\/wp\/v2\/media?parent=2844"}],"wp:term":[{"taxonomy":"product_brand","embeddable":true,"href":"https:\/\/vuokkoset.fi\/sv\/wp-json\/wp\/v2\/product_brand?post=2844"},{"taxonomy":"product_cat","embeddable":true,"href":"https:\/\/vuokkoset.fi\/sv\/wp-json\/wp\/v2\/product_cat?post=2844"},{"taxonomy":"product_tag","embeddable":true,"href":"https:\/\/vuokkoset.fi\/sv\/wp-json\/wp\/v2\/product_tag?post=2844"}],"curies":[{"name":"wp","href":"https:\/\/api.w.org\/{rel}","templated":true}]}}