{"id":2839,"date":"2021-11-04T16:47:37","date_gmt":"2021-11-04T14:47:37","guid":{"rendered":"https:\/\/vuokkoset.fi\/tuote\/vuokkoset-organic-tampon-mini\/"},"modified":"2022-01-11T16:34:22","modified_gmt":"2022-01-11T14:34:22","slug":"vuokkoset-organic-tampong-mini","status":"publish","type":"product","link":"https:\/\/vuokkoset.fi\/sv\/produkt\/vuokkoset-organic-tampong-mini\/","title":{"rendered":"Vuokkoset Organic Tampong Mini"},"content":{"rendered":"<p>Prova Vuokkoset Organic Mini Tampong vid l\u00e4tt mens eller i slutet av mensen. Materialet i Vuokkoset Organic tamponger \u00e4r 100 % ekologisk bomull.<\/p>\n<p>Vuokkoset Organic tamponger inneh\u00e5ller allst\u00e5 inget annat \u2013 ingen viskos eller plast, inga f\u00e4rg\u00e4mnen och inget klor, s\u00e5 den \u00e4r ett tryggt val f\u00f6r dig! D\u00e5 den blir fuktig utvidgas Vuokkoset Organic tampong p\u00e5 bredden och formar sig efter kroppen. P\u00e5 s\u00e5 s\u00e4tt f\u00f6rhindrar tampongen effektivt l\u00e4ckage och ger dig ett s\u00e4kert skydd. Vuokkoset Organic tamponger \u00e4r \u00e4ven helt biologiskt nedbrytbar och du kan kompostera den i hush\u00e5llskomposten efter anv\u00e4ndning. Vuokkoset Organic Tampong Mini passar f\u00f6r l\u00e4tt mens och f\u00f6r anv\u00e4ndning i slutet av mensen n\u00e4r du bl\u00f6der mindre. Vuokkoset Organic tamponger \u00e4r ett s\u00e4krare alternativ f\u00f6r dig som inte vill tumma p\u00e5 bekv\u00e4mlighetsk\u00e4nslan. Tampongerna torkar inte ut och irriterar inte huden eller slemhinnorna. Tampongernas delar har tillverkats av certifierad ekologisk bomull som inte har klorblekts.<\/p>\n<p>Vuokkoset Organic tampong har, liksom alla andra Vuokkoset-produkter, det nordiska milj\u00f6m\u00e4rket Svanen och har utvecklats i samarbete med det finl\u00e4ndska Allergi-, Hud- och Astmaf\u00f6rbundet.<\/p>\n","protected":false},"excerpt":{"rendered":"<p style=\"text-align: left;\">Biologiskt nedbrytbar tampong i 100 % ekologisk bomull utan applikator. Passar f\u00f6r l\u00e4tt mens eller i slutet av mensen.<\/p>","protected":false},"featured_media":799,"template":"","meta":{"content-type":""},"product_brand":[],"product_cat":[82],"product_tag":[108,147,163,98],"class_list":{"0":"post-2839","1":"product","2":"type-product","3":"status-publish","4":"has-post-thumbnail","6":"product_cat-tamponger","7":"product_tag-latt-mens-sv","8":"product_tag-organic-sv","9":"product_tag-tamponi-sv","10":"product_tag-vuokkoset-sv","11":"product_line-organic-tamponger-sv","12":"product_abs-latt","14":"first","15":"instock","16":"taxable","17":"shipping-taxable","18":"product-type-simple"},"_links":{"self":[{"href":"https:\/\/vuokkoset.fi\/sv\/wp-json\/wp\/v2\/product\/2839","targetHints":{"allow":["GET"]}}],"collection":[{"href":"https:\/\/vuokkoset.fi\/sv\/wp-json\/wp\/v2\/product"}],"about":[{"href":"https:\/\/vuokkoset.fi\/sv\/wp-json\/wp\/v2\/types\/product"}],"wp:featuredmedia":[{"embeddable":true,"href":"https:\/\/vuokkoset.fi\/sv\/wp-json\/wp\/v2\/media\/799"}],"wp:attachment":[{"href":"https:\/\/vuokkoset.fi\/sv\/wp-json\/wp\/v2\/media?parent=2839"}],"wp:term":[{"taxonomy":"product_brand","embeddable":true,"href":"https:\/\/vuokkoset.fi\/sv\/wp-json\/wp\/v2\/product_brand?post=2839"},{"taxonomy":"product_cat","embeddable":true,"href":"https:\/\/vuokkoset.fi\/sv\/wp-json\/wp\/v2\/product_cat?post=2839"},{"taxonomy":"product_tag","embeddable":true,"href":"https:\/\/vuokkoset.fi\/sv\/wp-json\/wp\/v2\/product_tag?post=2839"}],"curies":[{"name":"wp","href":"https:\/\/api.w.org\/{rel}","templated":true}]}}