{"id":2837,"date":"2021-11-04T16:20:02","date_gmt":"2021-11-04T14:20:02","guid":{"rendered":"https:\/\/vuokkoset.fi\/tuote\/vuokkoset-cotton-night-wings\/"},"modified":"2022-01-11T16:42:08","modified_gmt":"2022-01-11T14:42:08","slug":"vuokkoset-cotton-night-wings-binda","status":"publish","type":"product","link":"https:\/\/vuokkoset.fi\/sv\/produkt\/vuokkoset-cotton-night-wings-binda\/","title":{"rendered":"Vuokkoset Cotton Night Wings binda"},"content":{"rendered":"<p>Prova v\u00e5r Cotton Night Wings-nattbinda som passar f\u00f6r k\u00e4nslig hud. En unik nattbinda som andas, med vingar och en mjuk yta av \u00e4kta 100 % certifierad ekologisk bomull.<\/p>\n<p>Vuokkoset Cotton Night Wings har s\u00e4rskilt bra absorptionsf\u00f6rm\u00e5ga och \u00e4r en skonsam tunn nattbinda med vingar som \u00e4r framtagen s\u00e4rskilt f\u00f6r anv\u00e4ndning nattetid. Nattbindans ytskikt \u00e4r av \u00e4kta 100 % ekologisk bomull och d\u00e4rf\u00f6r k\u00e4nns den extra hudv\u00e4nlig och l\u00e5ter huden andas.<\/p>\n<p>Vuokkoset Cotton \u00e4r den f\u00f6rsta serien damhygienartiklar som beviljats Allergi-, Hud-och Astmaf\u00f6rbundets m\u00e4rke.<\/p>\n<p>Vuokkoset bindorna \u00e4r individuellt f\u00f6rpackade. Produkterna inneh\u00e5ller inga tillsatser av parfym eller kemikalier.<\/p>\n<p><strong>Tjocklek 2 mm<br \/>\n<\/strong><strong>L\u00e4ngd 317 mm<\/strong><\/p>\n","protected":false},"excerpt":{"rendered":"En unik, tunn binda med vingar med en mjuk yta i 100 % ekologisk bomull.","protected":false},"featured_media":791,"template":"","meta":{"content-type":""},"product_brand":[],"product_cat":[80],"product_tag":[115,106,150,98],"class_list":{"0":"post-2837","1":"product","2":"type-product","3":"status-publish","4":"has-post-thumbnail","6":"product_cat-bindor","7":"product_tag-binda-sv","8":"product_tag-cotton-sv","9":"product_tag-riklig-mens-sv","10":"product_tag-vuokkoset-sv","11":"product_line-cotton-sv","12":"product_abs-riklig","14":"first","15":"instock","16":"taxable","17":"shipping-taxable","18":"product-type-simple"},"_links":{"self":[{"href":"https:\/\/vuokkoset.fi\/sv\/wp-json\/wp\/v2\/product\/2837","targetHints":{"allow":["GET"]}}],"collection":[{"href":"https:\/\/vuokkoset.fi\/sv\/wp-json\/wp\/v2\/product"}],"about":[{"href":"https:\/\/vuokkoset.fi\/sv\/wp-json\/wp\/v2\/types\/product"}],"wp:featuredmedia":[{"embeddable":true,"href":"https:\/\/vuokkoset.fi\/sv\/wp-json\/wp\/v2\/media\/791"}],"wp:attachment":[{"href":"https:\/\/vuokkoset.fi\/sv\/wp-json\/wp\/v2\/media?parent=2837"}],"wp:term":[{"taxonomy":"product_brand","embeddable":true,"href":"https:\/\/vuokkoset.fi\/sv\/wp-json\/wp\/v2\/product_brand?post=2837"},{"taxonomy":"product_cat","embeddable":true,"href":"https:\/\/vuokkoset.fi\/sv\/wp-json\/wp\/v2\/product_cat?post=2837"},{"taxonomy":"product_tag","embeddable":true,"href":"https:\/\/vuokkoset.fi\/sv\/wp-json\/wp\/v2\/product_tag?post=2837"}],"curies":[{"name":"wp","href":"https:\/\/api.w.org\/{rel}","templated":true}]}}