{"id":2829,"date":"2021-11-04T16:11:59","date_gmt":"2021-11-04T14:11:59","guid":{"rendered":"https:\/\/vuokkoset.fi\/tuote\/vuokkoset-cotton-normal-side\/"},"modified":"2022-01-11T16:46:02","modified_gmt":"2022-01-11T14:46:02","slug":"vuokkoset-cotton-normal-binda","status":"publish","type":"product","link":"https:\/\/vuokkoset.fi\/sv\/produkt\/vuokkoset-cotton-normal-binda\/","title":{"rendered":"Vuokkoset Cotton Normal binda"},"content":{"rendered":"<p>Prova v\u00e5r Cotton Normal-binda som passar f\u00f6r k\u00e4nslig hud. Cotton Normal \u00e4r en tunn binda utan vingar som \u00e4r skonsam mot huden. Bindan har h\u00f6g absorptionsf\u00f6rm\u00e5ga \u00e4r speciellt framtagen f\u00f6r k\u00e4nslig hud. Ytskiktet \u00e4r av \u00e4kta 100 % ekologisk bomull som k\u00e4nns extra hudv\u00e4nligt och l\u00e5ter huden andas.<\/p>\n<p>Vuokkoset Cotton \u00e4r den f\u00f6rsta serien damhygienartiklar som beviljats Allergi-, Hud- och Astmaf\u00f6rbundets m\u00e4rke.<\/p>\n<p>Alla Vuokkoset-bindorna \u00e4r individuellt f\u00f6rpackade. Produkterna \u00e4r dermatologiskt testade och inneh\u00e5ller aldrig parfymer, dofter, klor eller andra kemikalier som \u00e4r on\u00f6diga f\u00f6r dig.<\/p>\n<p><strong>Tjocklek 2 mm<\/strong><br \/>\n<strong>L\u00e4ngd\u00a0225 mm<\/strong><\/p>\n","protected":false},"excerpt":{"rendered":"En unik, tunn binda utan vingar med en mjuk yta i \u00e4kta 100 % ekologisk bomull.","protected":false},"featured_media":793,"template":"","meta":{"content-type":""},"product_brand":[],"product_cat":[80],"product_tag":[115,106,110,98],"class_list":{"0":"post-2829","1":"product","2":"type-product","3":"status-publish","4":"has-post-thumbnail","6":"product_cat-bindor","7":"product_tag-binda-sv","8":"product_tag-cotton-sv","9":"product_tag-normal-mens-sv","10":"product_tag-vuokkoset-sv","11":"product_line-cotton-sv","12":"product_abs-normal-sv","14":"first","15":"instock","16":"taxable","17":"shipping-taxable","18":"product-type-simple"},"_links":{"self":[{"href":"https:\/\/vuokkoset.fi\/sv\/wp-json\/wp\/v2\/product\/2829","targetHints":{"allow":["GET"]}}],"collection":[{"href":"https:\/\/vuokkoset.fi\/sv\/wp-json\/wp\/v2\/product"}],"about":[{"href":"https:\/\/vuokkoset.fi\/sv\/wp-json\/wp\/v2\/types\/product"}],"wp:featuredmedia":[{"embeddable":true,"href":"https:\/\/vuokkoset.fi\/sv\/wp-json\/wp\/v2\/media\/793"}],"wp:attachment":[{"href":"https:\/\/vuokkoset.fi\/sv\/wp-json\/wp\/v2\/media?parent=2829"}],"wp:term":[{"taxonomy":"product_brand","embeddable":true,"href":"https:\/\/vuokkoset.fi\/sv\/wp-json\/wp\/v2\/product_brand?post=2829"},{"taxonomy":"product_cat","embeddable":true,"href":"https:\/\/vuokkoset.fi\/sv\/wp-json\/wp\/v2\/product_cat?post=2829"},{"taxonomy":"product_tag","embeddable":true,"href":"https:\/\/vuokkoset.fi\/sv\/wp-json\/wp\/v2\/product_tag?post=2829"}],"curies":[{"name":"wp","href":"https:\/\/api.w.org\/{rel}","templated":true}]}}