{"id":2828,"date":"2021-11-04T16:06:37","date_gmt":"2021-11-04T14:06:37","guid":{"rendered":"https:\/\/vuokkoset.fi\/tuote\/vuokkoset-cotton-normal-pikkuhousunsuoja\/"},"modified":"2022-01-11T16:48:53","modified_gmt":"2022-01-11T14:48:53","slug":"vuokkoset-cotton-normal-trosskydd","status":"publish","type":"product","link":"https:\/\/vuokkoset.fi\/sv\/produkt\/vuokkoset-cotton-normal-trosskydd\/","title":{"rendered":"Vuokkoset Cotton Normal trosskydd"},"content":{"rendered":"<p>Vuokkoset Normal \u00e4r ett unikt trosskydd eftersom ytan \u00e4r av 100 % ekologisk bomull. Trosskyddet \u00e4r s\u00e5 mjukt att du knappt m\u00e4rker det och \u00e4r skonsamt \u00e4ven f\u00f6r mycket k\u00e4nslig hud. Trosskyddet garanterar att du k\u00e4nner dig fr\u00e4sch och s\u00e4ker varje dag, oavsett vad du g\u00f6r.<\/p>\n<p>Vuokkoset Cotton \u00e4r den f\u00f6rsta serien damhygienartiklar som beviljats Allergi-, Hud- och Astmaf\u00f6rbundets m\u00e4rke. Produkterna \u00e4r dermatologiskt testade och inneh\u00e5ller aldrig parfymer, dofter, klor eller andra kemikalier som \u00e4r on\u00f6diga f\u00f6r dig.<\/p>\n<p><strong>Tjocklek 2 mm<\/strong><br \/>\n<strong>L\u00e4ngd\u00a0155 mm<\/strong><\/p>\n","protected":false},"excerpt":{"rendered":"Ett unikt, absorberande trosskydd som andas, med en yta som best\u00e5r av 100 % ekologisk bomull.","protected":false},"featured_media":797,"template":"","meta":{"content-type":""},"product_brand":[],"product_cat":[78],"product_tag":[108,113,98],"class_list":{"0":"post-2828","1":"product","2":"type-product","3":"status-publish","4":"has-post-thumbnail","6":"product_cat-trosskydd","7":"product_tag-latt-mens-sv","8":"product_tag-trosskydd-sv-sv","9":"product_tag-vuokkoset-sv","10":"product_line-cotton-sv","11":"product_abs-latt","13":"first","14":"instock","15":"taxable","16":"shipping-taxable","17":"product-type-simple"},"_links":{"self":[{"href":"https:\/\/vuokkoset.fi\/sv\/wp-json\/wp\/v2\/product\/2828","targetHints":{"allow":["GET"]}}],"collection":[{"href":"https:\/\/vuokkoset.fi\/sv\/wp-json\/wp\/v2\/product"}],"about":[{"href":"https:\/\/vuokkoset.fi\/sv\/wp-json\/wp\/v2\/types\/product"}],"wp:featuredmedia":[{"embeddable":true,"href":"https:\/\/vuokkoset.fi\/sv\/wp-json\/wp\/v2\/media\/797"}],"wp:attachment":[{"href":"https:\/\/vuokkoset.fi\/sv\/wp-json\/wp\/v2\/media?parent=2828"}],"wp:term":[{"taxonomy":"product_brand","embeddable":true,"href":"https:\/\/vuokkoset.fi\/sv\/wp-json\/wp\/v2\/product_brand?post=2828"},{"taxonomy":"product_cat","embeddable":true,"href":"https:\/\/vuokkoset.fi\/sv\/wp-json\/wp\/v2\/product_cat?post=2828"},{"taxonomy":"product_tag","embeddable":true,"href":"https:\/\/vuokkoset.fi\/sv\/wp-json\/wp\/v2\/product_tag?post=2828"}],"curies":[{"name":"wp","href":"https:\/\/api.w.org\/{rel}","templated":true}]}}