{"id":2821,"date":"2021-10-29T17:45:30","date_gmt":"2021-10-29T14:45:30","guid":{"rendered":"https:\/\/vuokkoset.fi\/tuote\/vuokkoset-bio-night-wings-side\/"},"modified":"2025-09-23T17:23:29","modified_gmt":"2025-09-23T14:23:29","slug":"vuokkoset-bio-night-wings-binda","status":"publish","type":"product","link":"https:\/\/vuokkoset.fi\/sv\/produkt\/vuokkoset-bio-night-wings-binda\/","title":{"rendered":"Vuokkoset Bio Night Wings binda"},"content":{"rendered":"<p>Vuokkoset Bio Night Wings \u00e4r en biologiskt nedbrytbar, lagom l\u00e5ng tunn binda med vingar och h\u00e4rligt len yta. Bindan f\u00e5r dig att k\u00e4nna dig s\u00e4ker under mensen, oavsett var du \u00e4r eller vad du g\u00f6r. Ytskiktet \u00e4r av 100 % certifierat ekologisk bomull och det effektiva absorptionsskiktet av klorfri cellulosa.<\/p>\n<p>Eftersom bindan och omslaget \u00e4r biologiskt nedbrytbara kan du helt enkelt l\u00e4gga den anv\u00e4nda bindan med omslag i hush\u00e5llskomposten. F\u00f6rpackningsp\u00e5sen \u00e4r tillverkad av Green PE som tillverkas va f\u00f6rnybart naturmaterial, men den \u00e4r inte biologiskt nedbrytbar.<\/p>\n<p>Alla Vuokkoset-bindorna \u00e4r individuellt f\u00f6rpackade. Produkterna \u00e4r dermatologiskt testade och inneh\u00e5ller varken parfymer, dofter, klor eller andra kemikalier som \u00e4r on\u00f6diga f\u00f6r dig.<\/p>\n<p><strong>Tjocklek 2 mm<br \/>\n<\/strong><strong>L\u00e4ngd 317 mm<\/strong><\/p>\n","protected":false},"excerpt":{"rendered":"En biologiskt nedbrytbar l\u00e5ng nattbinda med mjuk yta, f\u00f6r rikligare mens. Produkten \u00e4r koldioxidneutral.","protected":false},"featured_media":4967,"template":"","meta":{"content-type":""},"product_brand":[],"product_cat":[80],"product_tag":[115,87,150,99],"class_list":{"0":"post-2821","1":"product","2":"type-product","3":"status-publish","4":"has-post-thumbnail","6":"product_cat-bindor","7":"product_tag-binda-sv","8":"product_tag-night-wings-sv","9":"product_tag-riklig-mens-sv","10":"product_tag-vuokkoset-bio-sv","11":"product_line-bio-sv","12":"product_abs-riklig","14":"first","15":"instock","16":"taxable","17":"shipping-taxable","18":"product-type-simple"},"_links":{"self":[{"href":"https:\/\/vuokkoset.fi\/sv\/wp-json\/wp\/v2\/product\/2821","targetHints":{"allow":["GET"]}}],"collection":[{"href":"https:\/\/vuokkoset.fi\/sv\/wp-json\/wp\/v2\/product"}],"about":[{"href":"https:\/\/vuokkoset.fi\/sv\/wp-json\/wp\/v2\/types\/product"}],"wp:featuredmedia":[{"embeddable":true,"href":"https:\/\/vuokkoset.fi\/sv\/wp-json\/wp\/v2\/media\/4967"}],"wp:attachment":[{"href":"https:\/\/vuokkoset.fi\/sv\/wp-json\/wp\/v2\/media?parent=2821"}],"wp:term":[{"taxonomy":"product_brand","embeddable":true,"href":"https:\/\/vuokkoset.fi\/sv\/wp-json\/wp\/v2\/product_brand?post=2821"},{"taxonomy":"product_cat","embeddable":true,"href":"https:\/\/vuokkoset.fi\/sv\/wp-json\/wp\/v2\/product_cat?post=2821"},{"taxonomy":"product_tag","embeddable":true,"href":"https:\/\/vuokkoset.fi\/sv\/wp-json\/wp\/v2\/product_tag?post=2821"}],"curies":[{"name":"wp","href":"https:\/\/api.w.org\/{rel}","templated":true}]}}