{"id":2795,"date":"2021-10-26T15:28:02","date_gmt":"2021-10-26T12:28:02","guid":{"rendered":"https:\/\/vuokkoset.fi\/tuote\/vuokkoset-bio-normal-wings\/"},"modified":"2025-09-23T17:22:10","modified_gmt":"2025-09-23T14:22:10","slug":"vuokkoset-bio-normal-wings-binda","status":"publish","type":"product","link":"https:\/\/vuokkoset.fi\/sv\/produkt\/vuokkoset-bio-normal-wings-binda\/","title":{"rendered":"Vuokkoset Bio Normal Wings binda"},"content":{"rendered":"<p>En biologiskt nedbrytbar tunn binda med mjuk yta som kan anv\u00e4ndas varje dag under mensen. Vuokkoset Bio Normal Wings \u00e4r en biologiskt nedbrytbar tunn binda med vingar och h\u00e4rligt len yta. Bindan f\u00e5r dig att k\u00e4nna dig s\u00e4ker under mensen, oavsett var du \u00e4r eller vad du g\u00f6r. Ytskiktet \u00e4r av 100 % certifierat ekologisk bomull och det effektiva absorptionsskiktet av klorfri cellulosa.<\/p>\n<p>Eftersom bindan och omslaget \u00e4r biologiskt nedbrytbara kan du helt enkelt l\u00e4gga den anv\u00e4nda bindan med omslag i hush\u00e5llskomposten. F\u00f6rpackningsp\u00e5sen \u00e4r tillverkad av Green PE som tillverkas va f\u00f6rnybart naturmaterial, men den \u00e4r inte biologiskt nedbrytbar.<\/p>\n<p>Alla Vuokkoset-bindorna \u00e4r individuellt f\u00f6rpackade. Produkterna \u00e4r dermatologiskt testade och inneh\u00e5ller varken parfymer, dofter, klor eller andra kemikalier som \u00e4r on\u00f6diga f\u00f6r dig.<\/p>\n<p><strong>Tjocklek 2 mm<\/strong><br \/>\n<strong>L\u00e4ngd 225 mm<\/strong><\/p>\n","protected":false},"excerpt":{"rendered":"En biologiskt nedbrytbar tunn binda med mjuk yta som kan anv\u00e4ndas varje dag under mensen. Produkten \u00e4r koldioxidneutral.","protected":false},"featured_media":4973,"template":"","meta":{"content-type":""},"product_brand":[],"product_cat":[80],"product_tag":[118,110,92,99],"class_list":{"0":"post-2795","1":"product","2":"type-product","3":"status-publish","4":"has-post-thumbnail","6":"product_cat-bindor","7":"product_tag-bindor-sv","8":"product_tag-normal-mens-sv","9":"product_tag-normal-wings-sv","10":"product_tag-vuokkoset-bio-sv","11":"product_line-bio-sv","12":"product_abs-normal-sv","14":"first","15":"instock","16":"taxable","17":"shipping-taxable","18":"product-type-simple"},"_links":{"self":[{"href":"https:\/\/vuokkoset.fi\/sv\/wp-json\/wp\/v2\/product\/2795","targetHints":{"allow":["GET"]}}],"collection":[{"href":"https:\/\/vuokkoset.fi\/sv\/wp-json\/wp\/v2\/product"}],"about":[{"href":"https:\/\/vuokkoset.fi\/sv\/wp-json\/wp\/v2\/types\/product"}],"wp:featuredmedia":[{"embeddable":true,"href":"https:\/\/vuokkoset.fi\/sv\/wp-json\/wp\/v2\/media\/4973"}],"wp:attachment":[{"href":"https:\/\/vuokkoset.fi\/sv\/wp-json\/wp\/v2\/media?parent=2795"}],"wp:term":[{"taxonomy":"product_brand","embeddable":true,"href":"https:\/\/vuokkoset.fi\/sv\/wp-json\/wp\/v2\/product_brand?post=2795"},{"taxonomy":"product_cat","embeddable":true,"href":"https:\/\/vuokkoset.fi\/sv\/wp-json\/wp\/v2\/product_cat?post=2795"},{"taxonomy":"product_tag","embeddable":true,"href":"https:\/\/vuokkoset.fi\/sv\/wp-json\/wp\/v2\/product_tag?post=2795"}],"curies":[{"name":"wp","href":"https:\/\/api.w.org\/{rel}","templated":true}]}}