{"id":2790,"date":"2021-10-29T17:55:38","date_gmt":"2021-10-29T14:55:38","guid":{"rendered":"https:\/\/vuokkoset.fi\/tuote\/vuokkoset-bio-normal-pikkuhousunsuoja\/"},"modified":"2025-09-23T17:21:30","modified_gmt":"2025-09-23T14:21:30","slug":"vuokkoset-bio-normal-trosskydd","status":"publish","type":"product","link":"https:\/\/vuokkoset.fi\/sv\/produkt\/vuokkoset-bio-normal-trosskydd\/","title":{"rendered":"Vuokkoset Bio Normal trosskydd"},"content":{"rendered":"<p>Ett helt biologiskt nedbrytbart, p\u00e5litligt trosskydd med mjuk yta f\u00f6r dagligt bruk. Vuokkoset Bio Normal \u00e4r ett bekv\u00e4mt och mjukt trosskydd och passar perfekt f\u00f6r dagligt bruk f\u00f6r att bevara fr\u00e4schhetsk\u00e4nslan. Ytan \u00e4r av till 100 % certifierat ekologisk bomull och det effektiva absorptionsskiktet av klorfri cellulosa.<\/p>\n<p>Produkten \u00e4r biologiskt nedbrytbar, \u00e4nda till f\u00f6rpackningsmaterialet. Visst \u00e4r det bra att du f\u00e5r perfekt passform utan att beh\u00f6va tumma p\u00e5 det ekologiska_ Eftersom b\u00e5de trosskyddet och pappf\u00f6rpackningen \u00e4r biologiskt nedbrytbara kan du sl\u00e4nga b\u00e5da i hush\u00e5llskomposten efter anv\u00e4ndning. Trosskyddet h\u00e5ller dig torr och fr\u00e4sch varje dag.<\/p>\n<p>Produkterna \u00e4r dermatologiskt testade och inneh\u00e5ller varken parfymer, dofter, klor eller andra kemikalier som \u00e4r on\u00f6diga f\u00f6r dig.<\/p>\n<p><strong>Tjocklek 1 mm<\/strong><br \/>\n<strong>L\u00e4ngd 155 mm<\/strong><\/p>\n","protected":false},"excerpt":{"rendered":"Ett helt biologiskt nedbrytbart, p\u00e5litligt trosskydd med mjuk yta f\u00f6r dagligt bruk. Produkten \u00e4r koldioxidneutral.","protected":false},"featured_media":4976,"template":"","meta":{"content-type":""},"product_brand":[],"product_cat":[78],"product_tag":[108,94,99],"class_list":{"0":"post-2790","1":"product","2":"type-product","3":"status-publish","4":"has-post-thumbnail","6":"product_cat-trosskydd","7":"product_tag-latt-mens-sv","8":"product_tag-normal-trosskydd-sv","9":"product_tag-vuokkoset-bio-sv","10":"product_line-bio-sv","11":"product_abs-latt","13":"first","14":"instock","15":"taxable","16":"shipping-taxable","17":"product-type-simple"},"_links":{"self":[{"href":"https:\/\/vuokkoset.fi\/sv\/wp-json\/wp\/v2\/product\/2790","targetHints":{"allow":["GET"]}}],"collection":[{"href":"https:\/\/vuokkoset.fi\/sv\/wp-json\/wp\/v2\/product"}],"about":[{"href":"https:\/\/vuokkoset.fi\/sv\/wp-json\/wp\/v2\/types\/product"}],"wp:featuredmedia":[{"embeddable":true,"href":"https:\/\/vuokkoset.fi\/sv\/wp-json\/wp\/v2\/media\/4976"}],"wp:attachment":[{"href":"https:\/\/vuokkoset.fi\/sv\/wp-json\/wp\/v2\/media?parent=2790"}],"wp:term":[{"taxonomy":"product_brand","embeddable":true,"href":"https:\/\/vuokkoset.fi\/sv\/wp-json\/wp\/v2\/product_brand?post=2790"},{"taxonomy":"product_cat","embeddable":true,"href":"https:\/\/vuokkoset.fi\/sv\/wp-json\/wp\/v2\/product_cat?post=2790"},{"taxonomy":"product_tag","embeddable":true,"href":"https:\/\/vuokkoset.fi\/sv\/wp-json\/wp\/v2\/product_tag?post=2790"}],"curies":[{"name":"wp","href":"https:\/\/api.w.org\/{rel}","templated":true}]}}