{"id":2778,"date":"2021-10-29T17:59:33","date_gmt":"2021-10-29T14:59:33","guid":{"rendered":"https:\/\/vuokkoset.fi\/tuote\/vuokkoset-bio-ultra-light-pikkuhousunsuoja\/"},"modified":"2025-09-23T17:20:52","modified_gmt":"2025-09-23T14:20:52","slug":"vuokkoset-bio-ultra-light-trosskydd","status":"publish","type":"product","link":"https:\/\/vuokkoset.fi\/sv\/produkt\/vuokkoset-bio-ultra-light-trosskydd\/","title":{"rendered":"Vuokkoset Bio Ultra Light trosskydd"},"content":{"rendered":"<p>Vuokkoset Bio Ultralight \u00e4r ett biologiskt nedbrytbart, lyxigt tunt trosskydd f\u00f6r dagligt bruk och det passar alla trosmodeller. De mjuka ytterskikten \u00e4r av \u00e4kta ekologisk bomull och ocks\u00e5 ytterskiktet \u00e4r av ekologisk bomull. \u00c4ven bakgrundsmaterialet och f\u00f6rpackningsmaterialet \u00e4r biologiskt nedbrytbara.<\/p>\n<p>Produkten \u00e4r biologiskt nedbrytbar, \u00e4nda till f\u00f6rpackningsmaterialet. Visst \u00e4r det bra att du f\u00e5r perfekt passform utan att beh\u00f6va tumma p\u00e5 det ekologiska_ Eftersom b\u00e5de trosskyddet och pappf\u00f6rpackningen \u00e4r biologiskt nedbrytbara kan du sl\u00e4nga b\u00e5da i hush\u00e5llskomposten efter anv\u00e4ndning. Trosskyddet h\u00e5ller dig torr och fr\u00e4sch varje dag.<\/p>\n<p>Produkterna \u00e4r dermatologiskt testade och inneh\u00e5ller varken parfymer, dofter, klor eller andra kemikalier som \u00e4r on\u00f6diga f\u00f6r dig.<\/p>\n<p><strong>Tjocklek 1 mm<br \/>\n<\/strong><strong>L\u00e4ngd 155 mm<\/strong><\/p>\n","protected":false},"excerpt":{"rendered":"Vuokkoset Bio Ultralight \u00e4r ett biologiskt nedbrytbart, lyxigt tunt trosskydd f\u00f6r dagligt bruk och det passar alla trosmodeller. Produkten \u00e4r koldioxidneutral.","protected":false},"featured_media":4979,"template":"","meta":{"content-type":""},"product_brand":[],"product_cat":[78],"product_tag":[108,95,102],"class_list":{"0":"post-2778","1":"product","2":"type-product","3":"status-publish","4":"has-post-thumbnail","6":"product_cat-trosskydd","7":"product_tag-latt-mens-sv","8":"product_tag-ultra-light-sv","9":"product_tag-vuokkoset-trosskydd-sv","10":"product_line-bio-sv","11":"product_abs-latt","13":"first","14":"instock","15":"taxable","16":"shipping-taxable","17":"product-type-simple"},"_links":{"self":[{"href":"https:\/\/vuokkoset.fi\/sv\/wp-json\/wp\/v2\/product\/2778","targetHints":{"allow":["GET"]}}],"collection":[{"href":"https:\/\/vuokkoset.fi\/sv\/wp-json\/wp\/v2\/product"}],"about":[{"href":"https:\/\/vuokkoset.fi\/sv\/wp-json\/wp\/v2\/types\/product"}],"wp:featuredmedia":[{"embeddable":true,"href":"https:\/\/vuokkoset.fi\/sv\/wp-json\/wp\/v2\/media\/4979"}],"wp:attachment":[{"href":"https:\/\/vuokkoset.fi\/sv\/wp-json\/wp\/v2\/media?parent=2778"}],"wp:term":[{"taxonomy":"product_brand","embeddable":true,"href":"https:\/\/vuokkoset.fi\/sv\/wp-json\/wp\/v2\/product_brand?post=2778"},{"taxonomy":"product_cat","embeddable":true,"href":"https:\/\/vuokkoset.fi\/sv\/wp-json\/wp\/v2\/product_cat?post=2778"},{"taxonomy":"product_tag","embeddable":true,"href":"https:\/\/vuokkoset.fi\/sv\/wp-json\/wp\/v2\/product_tag?post=2778"}],"curies":[{"name":"wp","href":"https:\/\/api.w.org\/{rel}","templated":true}]}}