{"id":3045,"date":"2021-11-27T19:11:22","date_gmt":"2021-11-27T17:11:22","guid":{"rendered":"https:\/\/vuokkoset.fi\/viestin-lahettaminen-epaonnistui\/"},"modified":"2021-11-27T19:11:22","modified_gmt":"2021-11-27T17:11:22","slug":"viestin-lahettaminen-epaonnistui","status":"publish","type":"page","link":"https:\/\/vuokkoset.fi\/sv\/vi-betjanar\/viestin-lahettaminen-epaonnistui\/","title":{"rendered":"Viestin l\u00e4hett\u00e4minen ep\u00e4onnistui"},"content":{"rendered":"","protected":false},"excerpt":{"rendered":"","protected":false},"author":19,"featured_media":0,"parent":3106,"menu_order":85,"comment_status":"closed","ping_status":"closed","template":"","meta":{"content-type":""},"class_list":["post-3045","page","type-page","status-publish","hentry"],"_links":{"self":[{"href":"https:\/\/vuokkoset.fi\/sv\/wp-json\/wp\/v2\/pages\/3045","targetHints":{"allow":["GET"]}}],"collection":[{"href":"https:\/\/vuokkoset.fi\/sv\/wp-json\/wp\/v2\/pages"}],"about":[{"href":"https:\/\/vuokkoset.fi\/sv\/wp-json\/wp\/v2\/types\/page"}],"author":[{"embeddable":true,"href":"https:\/\/vuokkoset.fi\/sv\/wp-json\/wp\/v2\/users\/19"}],"replies":[{"embeddable":true,"href":"https:\/\/vuokkoset.fi\/sv\/wp-json\/wp\/v2\/comments?post=3045"}],"version-history":[{"count":0,"href":"https:\/\/vuokkoset.fi\/sv\/wp-json\/wp\/v2\/pages\/3045\/revisions"}],"up":[{"embeddable":true,"href":"https:\/\/vuokkoset.fi\/sv\/wp-json\/wp\/v2\/pages\/3106"}],"wp:attachment":[{"href":"https:\/\/vuokkoset.fi\/sv\/wp-json\/wp\/v2\/media?parent=3045"}],"curies":[{"name":"wp","href":"https:\/\/api.w.org\/{rel}","templated":true}]}}