{"id":2927,"date":"2021-10-18T19:28:48","date_gmt":"2021-10-18T16:28:48","guid":{"rendered":"https:\/\/vuokkoset.fi\/terveysalan-ammattilaisille\/"},"modified":"2021-12-22T15:22:38","modified_gmt":"2021-12-22T13:22:38","slug":"for-halsovardare","status":"publish","type":"page","link":"https:\/\/vuokkoset.fi\/sv\/vi-betjanar\/for-halsovardare\/","title":{"rendered":"F\u00f6r h\u00e4lsov\u00e5rdare"},"content":{"rendered":"","protected":false},"excerpt":{"rendered":"","protected":false},"author":19,"featured_media":0,"parent":3106,"menu_order":60,"comment_status":"closed","ping_status":"closed","template":"","meta":{"content-type":""},"class_list":["post-2927","page","type-page","status-publish","hentry"],"_links":{"self":[{"href":"https:\/\/vuokkoset.fi\/sv\/wp-json\/wp\/v2\/pages\/2927","targetHints":{"allow":["GET"]}}],"collection":[{"href":"https:\/\/vuokkoset.fi\/sv\/wp-json\/wp\/v2\/pages"}],"about":[{"href":"https:\/\/vuokkoset.fi\/sv\/wp-json\/wp\/v2\/types\/page"}],"author":[{"embeddable":true,"href":"https:\/\/vuokkoset.fi\/sv\/wp-json\/wp\/v2\/users\/19"}],"replies":[{"embeddable":true,"href":"https:\/\/vuokkoset.fi\/sv\/wp-json\/wp\/v2\/comments?post=2927"}],"version-history":[{"count":2,"href":"https:\/\/vuokkoset.fi\/sv\/wp-json\/wp\/v2\/pages\/2927\/revisions"}],"predecessor-version":[{"id":2929,"href":"https:\/\/vuokkoset.fi\/sv\/wp-json\/wp\/v2\/pages\/2927\/revisions\/2929"}],"up":[{"embeddable":true,"href":"https:\/\/vuokkoset.fi\/sv\/wp-json\/wp\/v2\/pages\/3106"}],"wp:attachment":[{"href":"https:\/\/vuokkoset.fi\/sv\/wp-json\/wp\/v2\/media?parent=2927"}],"curies":[{"name":"wp","href":"https:\/\/api.w.org\/{rel}","templated":true}]}}